{"id":25,"date":"2024-12-16T15:42:44","date_gmt":"2024-12-16T18:42:44","guid":{"rendered":"http:\/\/ebperforaciones.cl.portalesdenegocios.cl\/?page_id=25"},"modified":"2025-05-08T17:34:15","modified_gmt":"2025-05-08T20:34:15","slug":"contactanos","status":"publish","type":"page","link":"https:\/\/www.ebperforaciones.cl\/?page_id=25","title":{"rendered":"CONT\u00c1CTANOS"},"content":{"rendered":"<p>[et_pb_section fb_built=\u00bb1&#8243; _builder_version=\u00bb4.27.4&#8243; _module_preset=\u00bbdefault\u00bb background_color=\u00bbrgba(0,0,0,0.43)\u00bb background_image=\u00bbhttps:\/\/www.ebperforaciones.cl\/wp-content\/uploads\/2025\/05\/20250506_172953-scaled.jpg\u00bb background_blend=\u00bbcolor-burn\u00bb height=\u00bb328px\u00bb custom_padding=\u00bb5%||5%||false|false\u00bb global_colors_info=\u00bb{}\u00bb][et_pb_row _builder_version=\u00bb4.24.2&#8243; _module_preset=\u00bbdefault\u00bb min_height=\u00bb167px\u00bb global_colors_info=\u00bb{}\u00bb][et_pb_column type=\u00bb4_4&#8243; _builder_version=\u00bb4.24.2&#8243; _module_preset=\u00bbdefault\u00bb global_colors_info=\u00bb{}\u00bb][et_pb_text _builder_version=\u00bb4.24.2&#8243; _module_preset=\u00bbdefault\u00bb header_font=\u00bb|700|||||||\u00bb header_text_align=\u00bbcenter\u00bb header_text_color=\u00bb#FFFFFF\u00bb header_font_size=\u00bb58px\u00bb header_2_font=\u00bb|700|||||||\u00bb header_2_text_align=\u00bbcenter\u00bb header_2_text_color=\u00bb#FFFFFF\u00bb header_2_font_size=\u00bb54px\u00bb header_2_line_height=\u00bb1.3em\u00bb header_font_size_tablet=\u00bb58px\u00bb header_font_size_phone=\u00bb48px\u00bb header_font_size_last_edited=\u00bbon|desktop\u00bb header_2_font_size_tablet=\u00bb54px\u00bb header_2_font_size_phone=\u00bb37px\u00bb header_2_font_size_last_edited=\u00bbon|phone\u00bb header_2_line_height_tablet=\u00bb1.3em\u00bb header_2_line_height_phone=\u00bb1.1em\u00bb header_2_line_height_last_edited=\u00bbon|phone\u00bb global_colors_info=\u00bb{}\u00bb]<\/p>\n<h1><\/h1>\n<h1><\/h1>\n<h1><\/h1>\n<h1><\/h1>\n<h1>CONTACTO<\/h1>\n<p>[\/et_pb_text][\/et_pb_column][\/et_pb_row][\/et_pb_section][et_pb_section fb_built=\u00bb1&#8243; _builder_version=\u00bb4.24.2&#8243; _module_preset=\u00bbdefault\u00bb custom_padding=\u00bb||68px|||\u00bb hover_enabled=\u00bb0&#8243; global_colors_info=\u00bb{}\u00bb sticky_enabled=\u00bb0&#8243;][et_pb_row column_structure=\u00bb1_3,1_3,1_3&#8243; use_custom_gutter=\u00bbon\u00bb gutter_width=\u00bb2&#8243; _builder_version=\u00bb4.24.2&#8243; _module_preset=\u00bbdefault\u00bb width=\u00bb96%\u00bb max_width=\u00bb1200px\u00bb custom_margin=\u00bb||0px||false|false\u00bb custom_padding=\u00bb||8px||false|false\u00bb hover_enabled=\u00bb0&#8243; global_colors_info=\u00bb{}\u00bb sticky_enabled=\u00bb0&#8243;][et_pb_column type=\u00bb1_3&#8243; _builder_version=\u00bb4.24.2&#8243; _module_preset=\u00bbdefault\u00bb global_colors_info=\u00bb{}\u00bb][et_pb_blurb title=\u00bb+56 9 8377 0118&#8243; url=\u00bbtel:+56983770118&#8243; url_new_window=\u00bbon\u00bb image=\u00bbhttps:\/\/www.ebperforaciones.cl\/wp-content\/uploads\/2024\/12\/telefono-2.png\u00bb alt=\u00bbtel\u00e9fono\u00bb _builder_version=\u00bb4.27.4&#8243; _module_preset=\u00bbdefault\u00bb header_text_align=\u00bbcenter\u00bb header_font_size=\u00bb21px\u00bb hover_enabled=\u00bb0&#8243; custom_css_blurb_image=\u00bbmargin-bottom: 20px\u00bb global_colors_info=\u00bb{}\u00bb sticky_enabled=\u00bb0&#8243;][\/et_pb_blurb][\/et_pb_column][et_pb_column type=\u00bb1_3&#8243; _builder_version=\u00bb4.24.2&#8243; _module_preset=\u00bbdefault\u00bb global_colors_info=\u00bb{}\u00bb][et_pb_blurb title=\u00bbLos Almendros 1121, Villa Progreso, Tambillo, Coquimbo &#8211; Chile\u00bb image=\u00bbhttps:\/\/www.ebperforaciones.cl\/wp-content\/uploads\/2024\/12\/ubicacion-2.png\u00bb alt=\u00bbubicaci\u00f3n\u00bb _builder_version=\u00bb4.27.4&#8243; _module_preset=\u00bbdefault\u00bb header_text_align=\u00bbcenter\u00bb header_font_size=\u00bb21px\u00bb header_line_height=\u00bb1.3em\u00bb hover_enabled=\u00bb0&#8243; custom_css_blurb_image=\u00bbmargin-bottom: 20px\u00bb global_colors_info=\u00bb{}\u00bb url=\u00bbhttps:\/\/maps.app.goo.gl\/K8jqTkfBcKx9aM9P6&#8243; sticky_enabled=\u00bb0&#8243;][\/et_pb_blurb][\/et_pb_column][et_pb_column type=\u00bb1_3&#8243; _builder_version=\u00bb4.24.2&#8243; _module_preset=\u00bbdefault\u00bb global_colors_info=\u00bb{}\u00bb][et_pb_blurb title=\u00bbventas@ebperforaciones.cl\u00bb url=\u00bbmailto:ventas@ebperforaciones.cl\u00bb url_new_window=\u00bbon\u00bb image=\u00bbhttps:\/\/www.ebperforaciones.cl\/wp-content\/uploads\/2024\/12\/correo-2.png\u00bb alt=\u00bbubicaci\u00f3n\u00bb _builder_version=\u00bb4.27.4&#8243; _module_preset=\u00bbdefault\u00bb header_text_align=\u00bbcenter\u00bb header_font_size=\u00bb21px\u00bb hover_enabled=\u00bb0&#8243; custom_css_blurb_image=\u00bbmargin-bottom: 20px\u00bb global_colors_info=\u00bb{}\u00bb sticky_enabled=\u00bb0&#8243; title_text=\u00bbcorreo-2&#8243;][\/et_pb_blurb][\/et_pb_column][\/et_pb_row][et_pb_row use_custom_gutter=\u00bbon\u00bb gutter_width=\u00bb2&#8243; _builder_version=\u00bb4.24.2&#8243; _module_preset=\u00bbdefault\u00bb width=\u00bb96%\u00bb max_width=\u00bb1200px\u00bb global_colors_info=\u00bb{}\u00bb][et_pb_column type=\u00bb4_4&#8243; _builder_version=\u00bb4.24.2&#8243; _module_preset=\u00bbdefault\u00bb global_colors_info=\u00bb{}\u00bb][et_pb_divider color=\u00bb#00296f\u00bb divider_weight=\u00bb6px\u00bb _builder_version=\u00bb4.24.2&#8243; _module_preset=\u00bbdefault\u00bb module_alignment=\u00bbcenter\u00bb global_colors_info=\u00bb{}\u00bb][\/et_pb_divider][\/et_pb_column][\/et_pb_row][\/et_pb_section]<\/p>\n","protected":false},"excerpt":{"rendered":"<p>CONTACTO<\/p>\n","protected":false},"author":1,"featured_media":0,"parent":0,"menu_order":0,"comment_status":"closed","ping_status":"closed","template":"","meta":{"_et_pb_use_builder":"on","_et_pb_old_content":"","_et_gb_content_width":"","inline_featured_image":false,"footnotes":""},"class_list":["post-25","page","type-page","status-publish","hentry"],"yoast_head":"<!-- This site is optimized with the Yoast SEO plugin v27.3 - https:\/\/yoast.com\/product\/yoast-seo-wordpress\/ -->\n<title>Extracci\u00f3n de agua Coquimbo, Chile - EB Perforaciones<\/title>\n<meta name=\"description\" content=\"EB Perforaciones soluciones integrales en perforaci\u00f3n y mantenci\u00f3n de pozos profundos, extracci\u00f3n de aguas, Coquimbo, Chile\" \/>\n<meta name=\"robots\" content=\"index, follow, max-snippet:-1, max-image-preview:large, max-video-preview:-1\" \/>\n<link rel=\"canonical\" href=\"https:\/\/www.ebperforaciones.cl\/?page_id=25\" \/>\n<meta property=\"og:locale\" content=\"es_ES\" \/>\n<meta property=\"og:type\" content=\"article\" \/>\n<meta property=\"og:title\" content=\"Extracci\u00f3n de agua Coquimbo, Chile - EB Perforaciones\" \/>\n<meta property=\"og:description\" content=\"EB Perforaciones soluciones integrales en perforaci\u00f3n y mantenci\u00f3n de pozos profundos, extracci\u00f3n de aguas, Coquimbo, Chile\" \/>\n<meta property=\"og:url\" content=\"https:\/\/www.ebperforaciones.cl\/?page_id=25\" \/>\n<meta property=\"og:site_name\" content=\"EB Perforaciones\" \/>\n<meta property=\"article:modified_time\" content=\"2025-05-08T20:34:15+00:00\" \/>\n<meta name=\"twitter:card\" content=\"summary_large_image\" \/>\n<meta name=\"twitter:label1\" content=\"Tiempo de lectura\" \/>\n\t<meta name=\"twitter:data1\" content=\"1 minuto\" \/>\n<script type=\"application\/ld+json\" class=\"yoast-schema-graph\">{\"@context\":\"https:\\\/\\\/schema.org\",\"@graph\":[{\"@type\":\"WebPage\",\"@id\":\"https:\\\/\\\/www.ebperforaciones.cl\\\/?page_id=25\",\"url\":\"https:\\\/\\\/www.ebperforaciones.cl\\\/?page_id=25\",\"name\":\"Extracci\u00f3n de agua Coquimbo, Chile - EB Perforaciones\",\"isPartOf\":{\"@id\":\"https:\\\/\\\/www.ebperforaciones.cl\\\/#website\"},\"datePublished\":\"2024-12-16T18:42:44+00:00\",\"dateModified\":\"2025-05-08T20:34:15+00:00\",\"description\":\"EB Perforaciones soluciones integrales en perforaci\u00f3n y mantenci\u00f3n de pozos profundos, extracci\u00f3n de aguas, Coquimbo, Chile\",\"breadcrumb\":{\"@id\":\"https:\\\/\\\/www.ebperforaciones.cl\\\/?page_id=25#breadcrumb\"},\"inLanguage\":\"es\",\"potentialAction\":[{\"@type\":\"ReadAction\",\"target\":[\"https:\\\/\\\/www.ebperforaciones.cl\\\/?page_id=25\"]}]},{\"@type\":\"BreadcrumbList\",\"@id\":\"https:\\\/\\\/www.ebperforaciones.cl\\\/?page_id=25#breadcrumb\",\"itemListElement\":[{\"@type\":\"ListItem\",\"position\":1,\"name\":\"Portada\",\"item\":\"https:\\\/\\\/www.ebperforaciones.cl\\\/\"},{\"@type\":\"ListItem\",\"position\":2,\"name\":\"CONT\u00c1CTANOS\"}]},{\"@type\":\"WebSite\",\"@id\":\"https:\\\/\\\/www.ebperforaciones.cl\\\/#website\",\"url\":\"https:\\\/\\\/www.ebperforaciones.cl\\\/\",\"name\":\"EB Perforaciones\",\"description\":\"Construcci\u00f3n y Mantenci\u00f3n de Pozos Profundos\",\"publisher\":{\"@id\":\"https:\\\/\\\/www.ebperforaciones.cl\\\/#organization\"},\"potentialAction\":[{\"@type\":\"SearchAction\",\"target\":{\"@type\":\"EntryPoint\",\"urlTemplate\":\"https:\\\/\\\/www.ebperforaciones.cl\\\/?s={search_term_string}\"},\"query-input\":{\"@type\":\"PropertyValueSpecification\",\"valueRequired\":true,\"valueName\":\"search_term_string\"}}],\"inLanguage\":\"es\"},{\"@type\":\"Organization\",\"@id\":\"https:\\\/\\\/www.ebperforaciones.cl\\\/#organization\",\"name\":\"EB Perforaciones\",\"url\":\"https:\\\/\\\/www.ebperforaciones.cl\\\/\",\"logo\":{\"@type\":\"ImageObject\",\"inLanguage\":\"es\",\"@id\":\"https:\\\/\\\/www.ebperforaciones.cl\\\/#\\\/schema\\\/logo\\\/image\\\/\",\"url\":\"https:\\\/\\\/www.ebperforaciones.cl\\\/wp-content\\\/uploads\\\/2024\\\/12\\\/logo-ebperforaciones.png\",\"contentUrl\":\"https:\\\/\\\/www.ebperforaciones.cl\\\/wp-content\\\/uploads\\\/2024\\\/12\\\/logo-ebperforaciones.png\",\"width\":298,\"height\":201,\"caption\":\"EB Perforaciones\"},\"image\":{\"@id\":\"https:\\\/\\\/www.ebperforaciones.cl\\\/#\\\/schema\\\/logo\\\/image\\\/\"}}]}<\/script>\n<!-- \/ Yoast SEO plugin. -->","yoast_head_json":{"title":"Extracci\u00f3n de agua Coquimbo, Chile - EB Perforaciones","description":"EB Perforaciones soluciones integrales en perforaci\u00f3n y mantenci\u00f3n de pozos profundos, extracci\u00f3n de aguas, Coquimbo, Chile","robots":{"index":"index","follow":"follow","max-snippet":"max-snippet:-1","max-image-preview":"max-image-preview:large","max-video-preview":"max-video-preview:-1"},"canonical":"https:\/\/www.ebperforaciones.cl\/?page_id=25","og_locale":"es_ES","og_type":"article","og_title":"Extracci\u00f3n de agua Coquimbo, Chile - EB Perforaciones","og_description":"EB Perforaciones soluciones integrales en perforaci\u00f3n y mantenci\u00f3n de pozos profundos, extracci\u00f3n de aguas, Coquimbo, Chile","og_url":"https:\/\/www.ebperforaciones.cl\/?page_id=25","og_site_name":"EB Perforaciones","article_modified_time":"2025-05-08T20:34:15+00:00","twitter_card":"summary_large_image","twitter_misc":{"Tiempo de lectura":"1 minuto"},"schema":{"@context":"https:\/\/schema.org","@graph":[{"@type":"WebPage","@id":"https:\/\/www.ebperforaciones.cl\/?page_id=25","url":"https:\/\/www.ebperforaciones.cl\/?page_id=25","name":"Extracci\u00f3n de agua Coquimbo, Chile - EB Perforaciones","isPartOf":{"@id":"https:\/\/www.ebperforaciones.cl\/#website"},"datePublished":"2024-12-16T18:42:44+00:00","dateModified":"2025-05-08T20:34:15+00:00","description":"EB Perforaciones soluciones integrales en perforaci\u00f3n y mantenci\u00f3n de pozos profundos, extracci\u00f3n de aguas, Coquimbo, Chile","breadcrumb":{"@id":"https:\/\/www.ebperforaciones.cl\/?page_id=25#breadcrumb"},"inLanguage":"es","potentialAction":[{"@type":"ReadAction","target":["https:\/\/www.ebperforaciones.cl\/?page_id=25"]}]},{"@type":"BreadcrumbList","@id":"https:\/\/www.ebperforaciones.cl\/?page_id=25#breadcrumb","itemListElement":[{"@type":"ListItem","position":1,"name":"Portada","item":"https:\/\/www.ebperforaciones.cl\/"},{"@type":"ListItem","position":2,"name":"CONT\u00c1CTANOS"}]},{"@type":"WebSite","@id":"https:\/\/www.ebperforaciones.cl\/#website","url":"https:\/\/www.ebperforaciones.cl\/","name":"EB Perforaciones","description":"Construcci\u00f3n y Mantenci\u00f3n de Pozos Profundos","publisher":{"@id":"https:\/\/www.ebperforaciones.cl\/#organization"},"potentialAction":[{"@type":"SearchAction","target":{"@type":"EntryPoint","urlTemplate":"https:\/\/www.ebperforaciones.cl\/?s={search_term_string}"},"query-input":{"@type":"PropertyValueSpecification","valueRequired":true,"valueName":"search_term_string"}}],"inLanguage":"es"},{"@type":"Organization","@id":"https:\/\/www.ebperforaciones.cl\/#organization","name":"EB Perforaciones","url":"https:\/\/www.ebperforaciones.cl\/","logo":{"@type":"ImageObject","inLanguage":"es","@id":"https:\/\/www.ebperforaciones.cl\/#\/schema\/logo\/image\/","url":"https:\/\/www.ebperforaciones.cl\/wp-content\/uploads\/2024\/12\/logo-ebperforaciones.png","contentUrl":"https:\/\/www.ebperforaciones.cl\/wp-content\/uploads\/2024\/12\/logo-ebperforaciones.png","width":298,"height":201,"caption":"EB Perforaciones"},"image":{"@id":"https:\/\/www.ebperforaciones.cl\/#\/schema\/logo\/image\/"}}]}},"_links":{"self":[{"href":"https:\/\/www.ebperforaciones.cl\/index.php?rest_route=\/wp\/v2\/pages\/25","targetHints":{"allow":["GET"]}}],"collection":[{"href":"https:\/\/www.ebperforaciones.cl\/index.php?rest_route=\/wp\/v2\/pages"}],"about":[{"href":"https:\/\/www.ebperforaciones.cl\/index.php?rest_route=\/wp\/v2\/types\/page"}],"author":[{"embeddable":true,"href":"https:\/\/www.ebperforaciones.cl\/index.php?rest_route=\/wp\/v2\/users\/1"}],"replies":[{"embeddable":true,"href":"https:\/\/www.ebperforaciones.cl\/index.php?rest_route=%2Fwp%2Fv2%2Fcomments&post=25"}],"version-history":[{"count":19,"href":"https:\/\/www.ebperforaciones.cl\/index.php?rest_route=\/wp\/v2\/pages\/25\/revisions"}],"predecessor-version":[{"id":832,"href":"https:\/\/www.ebperforaciones.cl\/index.php?rest_route=\/wp\/v2\/pages\/25\/revisions\/832"}],"wp:attachment":[{"href":"https:\/\/www.ebperforaciones.cl\/index.php?rest_route=%2Fwp%2Fv2%2Fmedia&parent=25"}],"curies":[{"name":"wp","href":"https:\/\/api.w.org\/{rel}","templated":true}]}}