{"id":16,"date":"2024-12-16T15:41:48","date_gmt":"2024-12-16T18:41:48","guid":{"rendered":"http:\/\/ebperforaciones.cl.portalesdenegocios.cl\/?page_id=16"},"modified":"2025-05-09T17:58:54","modified_gmt":"2025-05-09T20:58:54","slug":"nosotros","status":"publish","type":"page","link":"https:\/\/www.ebperforaciones.cl\/?page_id=16","title":{"rendered":"NOSOTROS"},"content":{"rendered":"<p>[et_pb_section fb_built=\u00bb1&#8243; _builder_version=\u00bb4.24.2&#8243; _module_preset=\u00bbdefault\u00bb background_color=\u00bbrgba(0,0,0,0.56)\u00bb background_image=\u00bbhttps:\/\/www.ebperforaciones.cl\/wp-content\/uploads\/2024\/12\/banner-nosotros.jpg\u00bb background_blend=\u00bbcolor-burn\u00bb custom_padding=\u00bb4%||4%||false|false\u00bb global_colors_info=\u00bb{}\u00bb][et_pb_row _builder_version=\u00bb4.24.2&#8243; _module_preset=\u00bbdefault\u00bb global_colors_info=\u00bb{}\u00bb][et_pb_column type=\u00bb4_4&#8243; _builder_version=\u00bb4.24.2&#8243; _module_preset=\u00bbdefault\u00bb global_colors_info=\u00bb{}\u00bb][et_pb_image src=\u00bbhttps:\/\/www.ebperforaciones.cl\/wp-content\/uploads\/2024\/12\/logo-ebperforaciones-1.png\u00bb alt=\u00bbEB perforaciones\u00bb title_text=\u00bbEB perforaciones\u00bb align=\u00bbcenter\u00bb _builder_version=\u00bb4.24.2&#8243; _module_preset=\u00bbdefault\u00bb width=\u00bb21%\u00bb max_height=\u00bb890px\u00bb global_colors_info=\u00bb{}\u00bb][\/et_pb_image][et_pb_text _builder_version=\u00bb4.24.2&#8243; _module_preset=\u00bbdefault\u00bb header_font=\u00bb|700|||||||\u00bb header_text_align=\u00bbcenter\u00bb header_text_color=\u00bb#FFFFFF\u00bb header_font_size=\u00bb52px\u00bb header_font_size_tablet=\u00bb52px\u00bb header_font_size_phone=\u00bb29px\u00bb header_font_size_last_edited=\u00bbon|phone\u00bb global_colors_info=\u00bb{}\u00bb]<\/p>\n<h1>EB PERFORACIONES<\/h1>\n<p>[\/et_pb_text][\/et_pb_column][\/et_pb_row][\/et_pb_section][et_pb_section fb_built=\u00bb1&#8243; _builder_version=\u00bb4.24.2&#8243; _module_preset=\u00bbdefault\u00bb background_color=\u00bb#f5f5f5&#8243; custom_padding=\u00bb||76px|||\u00bb global_colors_info=\u00bb{}\u00bb][et_pb_row column_structure=\u00bb1_3,2_3&#8243; use_custom_gutter=\u00bbon\u00bb gutter_width=\u00bb2&#8243; _builder_version=\u00bb4.24.2&#8243; _module_preset=\u00bbdefault\u00bb width=\u00bb92%\u00bb max_width=\u00bb1180px\u00bb global_colors_info=\u00bb{}\u00bb][et_pb_column type=\u00bb1_3&#8243; _builder_version=\u00bb4.24.2&#8243; _module_preset=\u00bbdefault\u00bb global_colors_info=\u00bb{}\u00bb][et_pb_image src=\u00bbhttps:\/\/www.ebperforaciones.cl\/wp-content\/uploads\/2025\/05\/20211231_2009242-scaled.jpg\u00bb alt=\u00bbEB Perforaciones\u00bb title_text=\u00bb20211231_200924~2&#8243; _builder_version=\u00bb4.27.4&#8243; _module_preset=\u00bbdefault\u00bb hover_enabled=\u00bb0&#8243; box_shadow_style=\u00bbpreset4&#8243; box_shadow_horizontal=\u00bb-20px\u00bb box_shadow_vertical=\u00bb20px\u00bb box_shadow_color=\u00bb#e2091a\u00bb global_colors_info=\u00bb{}\u00bb sticky_enabled=\u00bb0&#8243;][\/et_pb_image][\/et_pb_column][et_pb_column type=\u00bb2_3&#8243; _builder_version=\u00bb4.24.2&#8243; _module_preset=\u00bbdefault\u00bb global_colors_info=\u00bb{}\u00bb][et_pb_text _builder_version=\u00bb4.24.2&#8243; _module_preset=\u00bbdefault\u00bb header_2_font=\u00bb|700|||||||\u00bb header_2_text_align=\u00bbleft\u00bb header_2_text_color=\u00bb#00296f\u00bb header_2_font_size=\u00bb48px\u00bb custom_margin=\u00bb||5px||false|false\u00bb global_colors_info=\u00bb{}\u00bb]<\/p>\n<h2>EB PERFORACIONES<\/h2>\n<p>[\/et_pb_text][et_pb_divider color=\u00bb#e2091a\u00bb divider_weight=\u00bb6px\u00bb _builder_version=\u00bb4.24.2&#8243; _module_preset=\u00bbdefault\u00bb width=\u00bb62px\u00bb module_alignment=\u00bbleft\u00bb custom_margin=\u00bb||8px||false|false\u00bb global_colors_info=\u00bb{}\u00bb][\/et_pb_divider][et_pb_text _builder_version=\u00bb4.24.2&#8243; _module_preset=\u00bbdefault\u00bb text_font_size=\u00bb20px\u00bb text_line_height=\u00bb1.8em\u00bb global_colors_info=\u00bb{}\u00bb]Somos una empresa ubicada en la Regi\u00f3n de Coquimbo, especializada en ofrecer soluciones integrales para satisfacer las necesidades de agua en todo Chile. Nos dedicamos a brindar servicios de manera eficiente y con la m\u00e1s alta calidad, con el objetivo de alcanzar la plena satisfacci\u00f3n de nuestros clientes.<\/p>\n<p>Contamos con equipos y herramientas de \u00faltima generaci\u00f3n, respaldados por un equipo humano altamente calificado y comprometido. Nuestro personal est\u00e1 formado por profesionales expertos, preparados para enfrentar cualquier desaf\u00edo y ofrecer resultados \u00f3ptimos en cada proyecto.[\/et_pb_text][\/et_pb_column][\/et_pb_row][\/et_pb_section][et_pb_section fb_built=\u00bb1&#8243; _builder_version=\u00bb4.27.4&#8243; _module_preset=\u00bbdefault\u00bb background_color=\u00bbrgba(0,0,0,0.56)\u00bb background_image=\u00bbhttps:\/\/www.ebperforaciones.cl\/wp-content\/uploads\/2024\/12\/banner-nosotros-2-e1746564694909.jpg\u00bb background_blend=\u00bbcolor-burn\u00bb height=\u00bb679px\u00bb custom_padding=\u00bb4%||4%||false|false\u00bb global_colors_info=\u00bb{}\u00bb][et_pb_row _builder_version=\u00bb4.24.2&#8243; _module_preset=\u00bbdefault\u00bb global_colors_info=\u00bb{}\u00bb][et_pb_column type=\u00bb4_4&#8243; _builder_version=\u00bb4.24.2&#8243; _module_preset=\u00bbdefault\u00bb global_colors_info=\u00bb{}\u00bb][et_pb_text _builder_version=\u00bb4.24.2&#8243; _module_preset=\u00bbdefault\u00bb header_font=\u00bb|700|||||||\u00bb header_text_align=\u00bbcenter\u00bb header_text_color=\u00bb#FFFFFF\u00bb header_font_size=\u00bb52px\u00bb header_2_font=\u00bb|700|||||||\u00bb header_2_text_align=\u00bbcenter\u00bb header_2_text_color=\u00bb#FFFFFF\u00bb header_2_font_size=\u00bb54px\u00bb header_2_line_height=\u00bb1.3em\u00bb header_2_font_size_tablet=\u00bb54px\u00bb header_2_font_size_phone=\u00bb37px\u00bb header_2_font_size_last_edited=\u00bbon|phone\u00bb header_2_line_height_tablet=\u00bb1.3em\u00bb header_2_line_height_phone=\u00bb1.1em\u00bb header_2_line_height_last_edited=\u00bbon|phone\u00bb global_colors_info=\u00bb{}\u00bb]<\/p>\n<h2>SOLUCIONES INTEGRALES EN PERFORACI\u00d3N Y MANTENCI\u00d3N DE POZOS PROFUNDOS<\/h2>\n<p>[\/et_pb_text][\/et_pb_column][\/et_pb_row][\/et_pb_section][et_pb_section fb_built=\u00bb1&#8243; _builder_version=\u00bb4.24.2&#8243; _module_preset=\u00bbdefault\u00bb background_color=\u00bb#f5f5f5&#8243; custom_padding=\u00bb60px|||||\u00bb global_colors_info=\u00bb{}\u00bb][et_pb_row use_custom_gutter=\u00bbon\u00bb gutter_width=\u00bb2&#8243; _builder_version=\u00bb4.24.2&#8243; _module_preset=\u00bbdefault\u00bb background_color=\u00bb#e2091a\u00bb width=\u00bb82%\u00bb max_width=\u00bb1180px\u00bb custom_margin=\u00bb||32px||false|false\u00bb custom_padding=\u00bb44px||68px|||\u00bb global_colors_info=\u00bb{}\u00bb][et_pb_column type=\u00bb4_4&#8243; _builder_version=\u00bb4.24.2&#8243; _module_preset=\u00bbdefault\u00bb global_colors_info=\u00bb{}\u00bb][et_pb_text _builder_version=\u00bb4.24.2&#8243; _module_preset=\u00bbdefault\u00bb header_3_font=\u00bb|700|||||||\u00bb header_3_text_align=\u00bbcenter\u00bb header_3_text_color=\u00bb#FFFFFF\u00bb header_3_font_size=\u00bb32px\u00bb custom_margin=\u00bb||1px||false|false\u00bb global_colors_info=\u00bb{}\u00bb]<\/p>\n<h3>MISI\u00d3N<\/h3>\n<p>[\/et_pb_text][et_pb_divider color=\u00bb#FFFFFF\u00bb divider_weight=\u00bb6px\u00bb _builder_version=\u00bb4.24.2&#8243; _module_preset=\u00bbdefault\u00bb width=\u00bb62px\u00bb module_alignment=\u00bbcenter\u00bb custom_margin=\u00bb||8px||false|false\u00bb global_colors_info=\u00bb{}\u00bb][\/et_pb_divider][et_pb_text _builder_version=\u00bb4.24.2&#8243; _module_preset=\u00bbdefault\u00bb text_text_color=\u00bb#FFFFFF\u00bb text_font_size=\u00bb20px\u00bb text_line_height=\u00bb1.8em\u00bb text_orientation=\u00bbcenter\u00bb custom_padding=\u00bb|12px||12px|false|false\u00bb global_colors_info=\u00bb{}\u00bb]<\/p>\n<p>Brindamos soluciones integrales a nuestros clientes, siempre buscando superar sus expectativas y adapt\u00e1ndonos de manera \u00e1gil a las condiciones y oportunidades que presenta el mercado.<\/p>\n<p>Nos comprometemos a proteger la salud y seguridad de nuestros trabajadores, as\u00ed como a mantener un firme<br \/>respeto por el cuidado del medio ambiente en cada una de nuestras operaciones.<\/p>\n<p>[\/et_pb_text][\/et_pb_column][\/et_pb_row][et_pb_row use_custom_gutter=\u00bbon\u00bb gutter_width=\u00bb2&#8243; _builder_version=\u00bb4.24.2&#8243; _module_preset=\u00bbdefault\u00bb background_color=\u00bb#00296f\u00bb width=\u00bb82%\u00bb max_width=\u00bb1180px\u00bb custom_padding=\u00bb44px||68px|||\u00bb global_colors_info=\u00bb{}\u00bb][et_pb_column type=\u00bb4_4&#8243; _builder_version=\u00bb4.24.2&#8243; _module_preset=\u00bbdefault\u00bb global_colors_info=\u00bb{}\u00bb][et_pb_text _builder_version=\u00bb4.24.2&#8243; _module_preset=\u00bbdefault\u00bb header_3_font=\u00bb|700|||||||\u00bb header_3_text_align=\u00bbcenter\u00bb header_3_text_color=\u00bb#FFFFFF\u00bb header_3_font_size=\u00bb32px\u00bb custom_margin=\u00bb||1px||false|false\u00bb global_colors_info=\u00bb{}\u00bb]<\/p>\n<h3>VISI\u00d3N<\/h3>\n<p>[\/et_pb_text][et_pb_divider color=\u00bb#FFFFFF\u00bb divider_weight=\u00bb6px\u00bb _builder_version=\u00bb4.24.2&#8243; _module_preset=\u00bbdefault\u00bb width=\u00bb62px\u00bb module_alignment=\u00bbcenter\u00bb custom_margin=\u00bb||8px||false|false\u00bb global_colors_info=\u00bb{}\u00bb][\/et_pb_divider][et_pb_text _builder_version=\u00bb4.24.2&#8243; _module_preset=\u00bbdefault\u00bb text_text_color=\u00bb#FFFFFF\u00bb text_font_size=\u00bb20px\u00bb text_line_height=\u00bb1.8em\u00bb text_orientation=\u00bbcenter\u00bb custom_padding=\u00bb|10px||10px|false|false\u00bb global_colors_info=\u00bb{}\u00bb]<\/p>\n<p>Ser una empresa l\u00edder y referente a nivel nacional en ofrecer soluciones exclusivas en servicios de perforaci\u00f3n y<br \/>mantenci\u00f3n de pozos profundos.<\/p>\n<p>[\/et_pb_text][\/et_pb_column][\/et_pb_row][\/et_pb_section]<\/p>\n","protected":false},"excerpt":{"rendered":"<p>EB PERFORACIONESEB PERFORACIONESSomos una empresa ubicada en la Regi\u00f3n de Coquimbo, especializada en ofrecer soluciones integrales para satisfacer las necesidades de agua en todo Chile. Nos dedicamos a brindar servicios de manera eficiente y con la m\u00e1s alta calidad, con el objetivo de alcanzar la plena satisfacci\u00f3n de nuestros clientes. Contamos con equipos y herramientas [&hellip;]<\/p>\n","protected":false},"author":1,"featured_media":0,"parent":0,"menu_order":0,"comment_status":"closed","ping_status":"closed","template":"","meta":{"_et_pb_use_builder":"on","_et_pb_old_content":"","_et_gb_content_width":"","inline_featured_image":false,"footnotes":""},"class_list":["post-16","page","type-page","status-publish","hentry"],"yoast_head":"<!-- This site is optimized with the Yoast SEO plugin v27.4 - https:\/\/yoast.com\/product\/yoast-seo-wordpress\/ -->\n<title>Perforaci\u00f3n y mantenci\u00f3n de pozos profundos - EB Perforaciones<\/title>\n<meta name=\"description\" content=\"Soluciones integrales en perforaci\u00f3n y mantenci\u00f3n de pozos profundos. Soluciones para extracci\u00f3n de agua en todo Chile.\" \/>\n<meta name=\"robots\" content=\"index, follow, max-snippet:-1, max-image-preview:large, max-video-preview:-1\" \/>\n<link rel=\"canonical\" href=\"https:\/\/www.ebperforaciones.cl\/?page_id=16\" \/>\n<meta property=\"og:locale\" content=\"es_ES\" \/>\n<meta property=\"og:type\" content=\"article\" \/>\n<meta property=\"og:title\" content=\"Perforaci\u00f3n y mantenci\u00f3n de pozos profundos - EB Perforaciones\" \/>\n<meta property=\"og:description\" content=\"Soluciones integrales en perforaci\u00f3n y mantenci\u00f3n de pozos profundos. Soluciones para extracci\u00f3n de agua en todo Chile.\" \/>\n<meta property=\"og:url\" content=\"https:\/\/www.ebperforaciones.cl\/?page_id=16\" \/>\n<meta property=\"og:site_name\" content=\"EB Perforaciones\" \/>\n<meta property=\"article:modified_time\" content=\"2025-05-09T20:58:54+00:00\" \/>\n<meta name=\"twitter:card\" content=\"summary_large_image\" \/>\n<meta name=\"twitter:label1\" content=\"Tiempo de lectura\" \/>\n\t<meta name=\"twitter:data1\" content=\"2 minutos\" \/>\n<script type=\"application\/ld+json\" class=\"yoast-schema-graph\">{\"@context\":\"https:\\\/\\\/schema.org\",\"@graph\":[{\"@type\":\"WebPage\",\"@id\":\"https:\\\/\\\/www.ebperforaciones.cl\\\/?page_id=16\",\"url\":\"https:\\\/\\\/www.ebperforaciones.cl\\\/?page_id=16\",\"name\":\"Perforaci\u00f3n y mantenci\u00f3n de pozos profundos - EB Perforaciones\",\"isPartOf\":{\"@id\":\"https:\\\/\\\/www.ebperforaciones.cl\\\/#website\"},\"datePublished\":\"2024-12-16T18:41:48+00:00\",\"dateModified\":\"2025-05-09T20:58:54+00:00\",\"description\":\"Soluciones integrales en perforaci\u00f3n y mantenci\u00f3n de pozos profundos. Soluciones para extracci\u00f3n de agua en todo Chile.\",\"breadcrumb\":{\"@id\":\"https:\\\/\\\/www.ebperforaciones.cl\\\/?page_id=16#breadcrumb\"},\"inLanguage\":\"es\",\"potentialAction\":[{\"@type\":\"ReadAction\",\"target\":[\"https:\\\/\\\/www.ebperforaciones.cl\\\/?page_id=16\"]}]},{\"@type\":\"BreadcrumbList\",\"@id\":\"https:\\\/\\\/www.ebperforaciones.cl\\\/?page_id=16#breadcrumb\",\"itemListElement\":[{\"@type\":\"ListItem\",\"position\":1,\"name\":\"Portada\",\"item\":\"https:\\\/\\\/www.ebperforaciones.cl\\\/\"},{\"@type\":\"ListItem\",\"position\":2,\"name\":\"NOSOTROS\"}]},{\"@type\":\"WebSite\",\"@id\":\"https:\\\/\\\/www.ebperforaciones.cl\\\/#website\",\"url\":\"https:\\\/\\\/www.ebperforaciones.cl\\\/\",\"name\":\"EB Perforaciones\",\"description\":\"Construcci\u00f3n y Mantenci\u00f3n de Pozos Profundos\",\"publisher\":{\"@id\":\"https:\\\/\\\/www.ebperforaciones.cl\\\/#organization\"},\"potentialAction\":[{\"@type\":\"SearchAction\",\"target\":{\"@type\":\"EntryPoint\",\"urlTemplate\":\"https:\\\/\\\/www.ebperforaciones.cl\\\/?s={search_term_string}\"},\"query-input\":{\"@type\":\"PropertyValueSpecification\",\"valueRequired\":true,\"valueName\":\"search_term_string\"}}],\"inLanguage\":\"es\"},{\"@type\":\"Organization\",\"@id\":\"https:\\\/\\\/www.ebperforaciones.cl\\\/#organization\",\"name\":\"EB Perforaciones\",\"url\":\"https:\\\/\\\/www.ebperforaciones.cl\\\/\",\"logo\":{\"@type\":\"ImageObject\",\"inLanguage\":\"es\",\"@id\":\"https:\\\/\\\/www.ebperforaciones.cl\\\/#\\\/schema\\\/logo\\\/image\\\/\",\"url\":\"https:\\\/\\\/www.ebperforaciones.cl\\\/wp-content\\\/uploads\\\/2024\\\/12\\\/logo-ebperforaciones.png\",\"contentUrl\":\"https:\\\/\\\/www.ebperforaciones.cl\\\/wp-content\\\/uploads\\\/2024\\\/12\\\/logo-ebperforaciones.png\",\"width\":298,\"height\":201,\"caption\":\"EB Perforaciones\"},\"image\":{\"@id\":\"https:\\\/\\\/www.ebperforaciones.cl\\\/#\\\/schema\\\/logo\\\/image\\\/\"}}]}<\/script>\n<!-- \/ Yoast SEO plugin. -->","yoast_head_json":{"title":"Perforaci\u00f3n y mantenci\u00f3n de pozos profundos - EB Perforaciones","description":"Soluciones integrales en perforaci\u00f3n y mantenci\u00f3n de pozos profundos. Soluciones para extracci\u00f3n de agua en todo Chile.","robots":{"index":"index","follow":"follow","max-snippet":"max-snippet:-1","max-image-preview":"max-image-preview:large","max-video-preview":"max-video-preview:-1"},"canonical":"https:\/\/www.ebperforaciones.cl\/?page_id=16","og_locale":"es_ES","og_type":"article","og_title":"Perforaci\u00f3n y mantenci\u00f3n de pozos profundos - EB Perforaciones","og_description":"Soluciones integrales en perforaci\u00f3n y mantenci\u00f3n de pozos profundos. Soluciones para extracci\u00f3n de agua en todo Chile.","og_url":"https:\/\/www.ebperforaciones.cl\/?page_id=16","og_site_name":"EB Perforaciones","article_modified_time":"2025-05-09T20:58:54+00:00","twitter_card":"summary_large_image","twitter_misc":{"Tiempo de lectura":"2 minutos"},"schema":{"@context":"https:\/\/schema.org","@graph":[{"@type":"WebPage","@id":"https:\/\/www.ebperforaciones.cl\/?page_id=16","url":"https:\/\/www.ebperforaciones.cl\/?page_id=16","name":"Perforaci\u00f3n y mantenci\u00f3n de pozos profundos - EB Perforaciones","isPartOf":{"@id":"https:\/\/www.ebperforaciones.cl\/#website"},"datePublished":"2024-12-16T18:41:48+00:00","dateModified":"2025-05-09T20:58:54+00:00","description":"Soluciones integrales en perforaci\u00f3n y mantenci\u00f3n de pozos profundos. Soluciones para extracci\u00f3n de agua en todo Chile.","breadcrumb":{"@id":"https:\/\/www.ebperforaciones.cl\/?page_id=16#breadcrumb"},"inLanguage":"es","potentialAction":[{"@type":"ReadAction","target":["https:\/\/www.ebperforaciones.cl\/?page_id=16"]}]},{"@type":"BreadcrumbList","@id":"https:\/\/www.ebperforaciones.cl\/?page_id=16#breadcrumb","itemListElement":[{"@type":"ListItem","position":1,"name":"Portada","item":"https:\/\/www.ebperforaciones.cl\/"},{"@type":"ListItem","position":2,"name":"NOSOTROS"}]},{"@type":"WebSite","@id":"https:\/\/www.ebperforaciones.cl\/#website","url":"https:\/\/www.ebperforaciones.cl\/","name":"EB Perforaciones","description":"Construcci\u00f3n y Mantenci\u00f3n de Pozos Profundos","publisher":{"@id":"https:\/\/www.ebperforaciones.cl\/#organization"},"potentialAction":[{"@type":"SearchAction","target":{"@type":"EntryPoint","urlTemplate":"https:\/\/www.ebperforaciones.cl\/?s={search_term_string}"},"query-input":{"@type":"PropertyValueSpecification","valueRequired":true,"valueName":"search_term_string"}}],"inLanguage":"es"},{"@type":"Organization","@id":"https:\/\/www.ebperforaciones.cl\/#organization","name":"EB Perforaciones","url":"https:\/\/www.ebperforaciones.cl\/","logo":{"@type":"ImageObject","inLanguage":"es","@id":"https:\/\/www.ebperforaciones.cl\/#\/schema\/logo\/image\/","url":"https:\/\/www.ebperforaciones.cl\/wp-content\/uploads\/2024\/12\/logo-ebperforaciones.png","contentUrl":"https:\/\/www.ebperforaciones.cl\/wp-content\/uploads\/2024\/12\/logo-ebperforaciones.png","width":298,"height":201,"caption":"EB Perforaciones"},"image":{"@id":"https:\/\/www.ebperforaciones.cl\/#\/schema\/logo\/image\/"}}]}},"_links":{"self":[{"href":"https:\/\/www.ebperforaciones.cl\/index.php?rest_route=\/wp\/v2\/pages\/16","targetHints":{"allow":["GET"]}}],"collection":[{"href":"https:\/\/www.ebperforaciones.cl\/index.php?rest_route=\/wp\/v2\/pages"}],"about":[{"href":"https:\/\/www.ebperforaciones.cl\/index.php?rest_route=\/wp\/v2\/types\/page"}],"author":[{"embeddable":true,"href":"https:\/\/www.ebperforaciones.cl\/index.php?rest_route=\/wp\/v2\/users\/1"}],"replies":[{"embeddable":true,"href":"https:\/\/www.ebperforaciones.cl\/index.php?rest_route=%2Fwp%2Fv2%2Fcomments&post=16"}],"version-history":[{"count":21,"href":"https:\/\/www.ebperforaciones.cl\/index.php?rest_route=\/wp\/v2\/pages\/16\/revisions"}],"predecessor-version":[{"id":839,"href":"https:\/\/www.ebperforaciones.cl\/index.php?rest_route=\/wp\/v2\/pages\/16\/revisions\/839"}],"wp:attachment":[{"href":"https:\/\/www.ebperforaciones.cl\/index.php?rest_route=%2Fwp%2Fv2%2Fmedia&parent=16"}],"curies":[{"name":"wp","href":"https:\/\/api.w.org\/{rel}","templated":true}]}}